{"id":16618,"date":"2025-02-11T20:18:22","date_gmt":"2025-02-12T00:18:22","guid":{"rendered":"https:\/\/lifestyle-members.com\/gracias-encuesta-de-satisfaccion\/"},"modified":"2025-02-11T20:18:22","modified_gmt":"2025-02-12T00:18:22","slug":"gracias-encuesta-de-satisfaccion","status":"publish","type":"page","link":"https:\/\/lifestyle-members.com\/es\/gracias-encuesta-de-satisfaccion\/","title":{"rendered":"Gracias &#8211; Encuesta de satisfacci\u00f3n"},"content":{"rendered":"<p style=\"font-weight: 400; text-align: center;\">\n            <span style=\"font-size: 18pt;\"><strong>\u00bfListo para tu pr\u00f3xima escapada al Caribe?<br \/>\nHaz clic aqu\u00ed y rellena el formulario en l\u00ednea:<br \/>\n<\/strong><a href=\"https:\/\/lifestyle-members.com\/reservations\/\"><strong>lifestyle-members.com\/reservations<\/strong><\/a><\/span>\n          <\/p>\n","protected":false},"excerpt":{"rendered":"<p>\u00bfListo para tu pr\u00f3xima escapada al Caribe? Haz clic aqu\u00ed y rellena el formulario en l\u00ednea: lifestyle-members.com\/reservations<\/p>\n","protected":false},"author":62,"featured_media":0,"parent":0,"menu_order":66,"comment_status":"closed","ping_status":"closed","template":"","meta":{"footnotes":""},"class_list":["post-16618","page","type-page","status-publish","hentry"],"_links":{"self":[{"href":"https:\/\/lifestyle-members.com\/es\/wp-json\/wp\/v2\/pages\/16618","targetHints":{"allow":["GET"]}}],"collection":[{"href":"https:\/\/lifestyle-members.com\/es\/wp-json\/wp\/v2\/pages"}],"about":[{"href":"https:\/\/lifestyle-members.com\/es\/wp-json\/wp\/v2\/types\/page"}],"author":[{"embeddable":true,"href":"https:\/\/lifestyle-members.com\/es\/wp-json\/wp\/v2\/users\/62"}],"replies":[{"embeddable":true,"href":"https:\/\/lifestyle-members.com\/es\/wp-json\/wp\/v2\/comments?post=16618"}],"version-history":[{"count":0,"href":"https:\/\/lifestyle-members.com\/es\/wp-json\/wp\/v2\/pages\/16618\/revisions"}],"wp:attachment":[{"href":"https:\/\/lifestyle-members.com\/es\/wp-json\/wp\/v2\/media?parent=16618"}],"curies":[{"name":"wp","href":"https:\/\/api.w.org\/{rel}","templated":true}]}}