{"id":16610,"date":"2025-02-11T20:14:02","date_gmt":"2025-02-12T00:14:02","guid":{"rendered":"https:\/\/lifestyle-members.com\/politicas-de-afiliacion-aleman\/"},"modified":"2025-02-11T20:14:02","modified_gmt":"2025-02-12T00:14:02","slug":"politicas-de-afiliacion-aleman","status":"publish","type":"page","link":"https:\/\/lifestyle-members.com\/es\/politicas-de-afiliacion-aleman\/","title":{"rendered":"Pol\u00edticas de afiliaci\u00f3n &#8211; Alem\u00e1n"},"content":{"rendered":"","protected":false},"excerpt":{"rendered":"","protected":false},"author":62,"featured_media":0,"parent":0,"menu_order":118,"comment_status":"closed","ping_status":"closed","template":"","meta":{"footnotes":""},"class_list":["post-16610","page","type-page","status-publish","hentry"],"_links":{"self":[{"href":"https:\/\/lifestyle-members.com\/es\/wp-json\/wp\/v2\/pages\/16610","targetHints":{"allow":["GET"]}}],"collection":[{"href":"https:\/\/lifestyle-members.com\/es\/wp-json\/wp\/v2\/pages"}],"about":[{"href":"https:\/\/lifestyle-members.com\/es\/wp-json\/wp\/v2\/types\/page"}],"author":[{"embeddable":true,"href":"https:\/\/lifestyle-members.com\/es\/wp-json\/wp\/v2\/users\/62"}],"replies":[{"embeddable":true,"href":"https:\/\/lifestyle-members.com\/es\/wp-json\/wp\/v2\/comments?post=16610"}],"version-history":[{"count":0,"href":"https:\/\/lifestyle-members.com\/es\/wp-json\/wp\/v2\/pages\/16610\/revisions"}],"wp:attachment":[{"href":"https:\/\/lifestyle-members.com\/es\/wp-json\/wp\/v2\/media?parent=16610"}],"curies":[{"name":"wp","href":"https:\/\/api.w.org\/{rel}","templated":true}]}}